{"id":198,"date":"2024-05-08T22:45:19","date_gmt":"2024-05-08T20:45:19","guid":{"rendered":"https:\/\/ukrkonfzagreb24.ffzg.unizg.hr\/?page_id=198"},"modified":"2024-08-24T07:49:00","modified_gmt":"2024-08-24T05:49:00","slug":"organizacijski-odbor","status":"publish","type":"page","link":"https:\/\/ukrkonfzagreb24.ffzg.unizg.hr\/?page_id=198","title":{"rendered":"Organizacijski odbor"},"content":{"rendered":"\n<p>Dariya Pavle\u0161en &#8211; voditeljica, Hrvatska, Filozofski fakultet u Zagrebu<\/p>\n\n\n\n<p>Domagoj Kli\u010dek, Hrvatska, Filozofski fakultet u Zagrebu<\/p>\n\n\n\n<p>Ana Dugand\u017ei\u0107, Hrvatska, Filozofski fakultet u Zagrebu<\/p>\n\n\n\n<p>Silvija Graljuk, Hrvatska, Filozofski fakultet u Zagrebu<\/p>\n\n\n\n<p>Lesja Petrovska, Hrvatska, Filozofski fakultet u Zagrebu<\/p>\n\n\n\n<p>Pavao Jergovi\u0107, Hrvatska, Filozofski fakultet u Zagrebu<\/p>\n\n\n\n<p>Oksana Baranivska Poljska, Jagielonsko sveu\u010dili\u0161te u Krakovu<\/p>\n\n\n\n<p>Olena Dziuba Ukrajina, Kijevsko nacionalno sveu\u010dili\u0161te Taras \u0160ev\u010denko<\/p>\n\n\n\n<p>Sophio Chkhatarashvili Gruzija, Dr\u017eavno sveu\u010dili\u0161te Ivane Javakhishvili u Tbilisiju<\/p>\n\n\n\n<p>Oksana Trostinska Ukrajina, Harkivsko nacionalno sveu\u010dili\u0161te V. N. Karazyn<\/p>\n","protected":false},"excerpt":{"rendered":"<p>Dariya Pavle\u0161en &#8211; voditeljica, Hrvatska, Filozofski fakultet u Zagrebu Domagoj Kli\u010dek, Hrvatska, Filozofski fakultet u Zagrebu Ana Dugand\u017ei\u0107, Hrvatska, Filozofski fakultet u Zagrebu Silvija Graljuk, Hrvatska, Filozofski fakultet u Zagrebu Lesja Petrovska, Hrvatska, Filozofski fakultet u Zagrebu Pavao Jergovi\u0107, Hrvatska, Filozofski fakultet u Zagrebu Oksana Baranivska Poljska, Jagielonsko sveu\u010dili\u0161te u Krakovu Olena Dziuba Ukrajina, Kijevsko &hellip; <\/p>\n<p class=\"link-more\"><a href=\"https:\/\/ukrkonfzagreb24.ffzg.unizg.hr\/?page_id=198\" class=\"more-link\">Nastavi \u010ditati<span class=\"screen-reader-text\"> &#8220;Organizacijski odbor&#8221;<\/span><\/a><\/p>\n","protected":false},"author":1,"featured_media":0,"parent":0,"menu_order":0,"comment_status":"closed","ping_status":"closed","template":"","meta":{"footnotes":""},"class_list":["post-198","page","type-page","status-publish","hentry"],"_links":{"self":[{"href":"https:\/\/ukrkonfzagreb24.ffzg.unizg.hr\/index.php?rest_route=\/wp\/v2\/pages\/198","targetHints":{"allow":["GET"]}}],"collection":[{"href":"https:\/\/ukrkonfzagreb24.ffzg.unizg.hr\/index.php?rest_route=\/wp\/v2\/pages"}],"about":[{"href":"https:\/\/ukrkonfzagreb24.ffzg.unizg.hr\/index.php?rest_route=\/wp\/v2\/types\/page"}],"author":[{"embeddable":true,"href":"https:\/\/ukrkonfzagreb24.ffzg.unizg.hr\/index.php?rest_route=\/wp\/v2\/users\/1"}],"replies":[{"embeddable":true,"href":"https:\/\/ukrkonfzagreb24.ffzg.unizg.hr\/index.php?rest_route=%2Fwp%2Fv2%2Fcomments&post=198"}],"version-history":[{"count":4,"href":"https:\/\/ukrkonfzagreb24.ffzg.unizg.hr\/index.php?rest_route=\/wp\/v2\/pages\/198\/revisions"}],"predecessor-version":[{"id":310,"href":"https:\/\/ukrkonfzagreb24.ffzg.unizg.hr\/index.php?rest_route=\/wp\/v2\/pages\/198\/revisions\/310"}],"wp:attachment":[{"href":"https:\/\/ukrkonfzagreb24.ffzg.unizg.hr\/index.php?rest_route=%2Fwp%2Fv2%2Fmedia&parent=198"}],"curies":[{"name":"wp","href":"https:\/\/api.w.org\/{rel}","templated":true}]}}