{"id":268,"date":"2024-04-17T20:08:19","date_gmt":"2024-04-17T18:08:19","guid":{"rendered":"https:\/\/ukrkonfzagreb24.ffzg.unizg.hr\/?page_id=268"},"modified":"2024-06-13T18:00:28","modified_gmt":"2024-06-13T16:00:28","slug":"useful-information","status":"publish","type":"page","link":"https:\/\/ukrkonfzagreb24.ffzg.unizg.hr\/?page_id=268&lang=en","title":{"rendered":"Useful information"},"content":{"rendered":"\n<p>The Faculty of Humanities and Social Sciences is located in the wider city center and is within walking distance from the central city Ban Jela\u010di\u0107 Square (<em>Trg bana Jela\u010di\u0107a<\/em>). This walk would take you approximately 30 minutes. <br\/><a href=\"https:\/\/maps.app.goo.gl\/oG6SghXbunKhzvwc7\">https:\/\/maps.app.goo.gl\/oG6SghXbunKhzvwc7<\/a><\/p>\n\n<h2 class=\"wp-block-heading\">By tram<\/h2>\n\n<p>To get to the Faculty of Humanities and Social Sciences, it is best to take trams number 3, 5 or 13 and get off the station <em>Sveu\u010dili\u0161na aleja<\/em> in the Vukovar street (<em>Ulica grada Vukovara<\/em>). From there, you can walk some 5 minutes southwards along Ivan Lu\u010di\u0107 street (<em>Ulica Ivana Lu\u010di\u0107a<\/em>) to get to the Faculty.<\/p>\n","protected":false},"excerpt":{"rendered":"<p>The Faculty of Humanities and Social Sciences is located in the wider city center and is within walking distance from the central city Ban Jela\u010di\u0107 Square (Trg bana Jela\u010di\u0107a). This walk would take you approximately 30 minutes. https:\/\/maps.app.goo.gl\/oG6SghXbunKhzvwc7 By tram To get to the Faculty of Humanities and Social Sciences, it is best to take &hellip; <\/p>\n<p class=\"link-more\"><a href=\"https:\/\/ukrkonfzagreb24.ffzg.unizg.hr\/?page_id=268&#038;lang=en\" class=\"more-link\">Nastavi \u010ditati<span class=\"screen-reader-text\"> &#8220;Useful information&#8221;<\/span><\/a><\/p>\n","protected":false},"author":1,"featured_media":0,"parent":0,"menu_order":0,"comment_status":"closed","ping_status":"closed","template":"","meta":{"footnotes":""},"class_list":["post-268","page","type-page","status-publish","hentry"],"_links":{"self":[{"href":"https:\/\/ukrkonfzagreb24.ffzg.unizg.hr\/index.php?rest_route=\/wp\/v2\/pages\/268","targetHints":{"allow":["GET"]}}],"collection":[{"href":"https:\/\/ukrkonfzagreb24.ffzg.unizg.hr\/index.php?rest_route=\/wp\/v2\/pages"}],"about":[{"href":"https:\/\/ukrkonfzagreb24.ffzg.unizg.hr\/index.php?rest_route=\/wp\/v2\/types\/page"}],"author":[{"embeddable":true,"href":"https:\/\/ukrkonfzagreb24.ffzg.unizg.hr\/index.php?rest_route=\/wp\/v2\/users\/1"}],"replies":[{"embeddable":true,"href":"https:\/\/ukrkonfzagreb24.ffzg.unizg.hr\/index.php?rest_route=%2Fwp%2Fv2%2Fcomments&post=268"}],"version-history":[{"count":1,"href":"https:\/\/ukrkonfzagreb24.ffzg.unizg.hr\/index.php?rest_route=\/wp\/v2\/pages\/268\/revisions"}],"predecessor-version":[{"id":269,"href":"https:\/\/ukrkonfzagreb24.ffzg.unizg.hr\/index.php?rest_route=\/wp\/v2\/pages\/268\/revisions\/269"}],"wp:attachment":[{"href":"https:\/\/ukrkonfzagreb24.ffzg.unizg.hr\/index.php?rest_route=%2Fwp%2Fv2%2Fmedia&parent=268"}],"curies":[{"name":"wp","href":"https:\/\/api.w.org\/{rel}","templated":true}]}}