{"id":273,"date":"2024-05-08T22:45:19","date_gmt":"2024-05-08T20:45:19","guid":{"rendered":"https:\/\/ukrkonfzagreb24.ffzg.unizg.hr\/?page_id=273"},"modified":"2024-10-22T22:38:15","modified_gmt":"2024-10-22T20:38:15","slug":"%d0%be%d1%80%d0%b3%d0%ba%d0%be%d0%bc%d1%96%d1%82%d0%b5%d1%82","status":"publish","type":"page","link":"https:\/\/ukrkonfzagreb24.ffzg.unizg.hr\/?page_id=273&lang=uk","title":{"rendered":"\u041e\u0440\u0433\u043a\u043e\u043c\u0456\u0442\u0435\u0442"},"content":{"rendered":"\n<p>Dariya Pavle\u0161en \u2013 voditeljica, Hrvatska, Filozofski fakultet u Zagrebu<\/p>\n\n\n\n<p>Domagoj Kli\u010dek, Hrvatska, Filozofski fakultet u Zagrebu<\/p>\n\n\n\n<p>Ana Dugand\u017ei\u0107, Hrvatska, Filozofski fakultet u Zagrebu<\/p>\n\n\n\n<p>Silvija Graljuk, Hrvatska, Filozofski fakultet u Zagrebu<\/p>\n\n\n\n<p>Lesja Petrovska, Hrvatska, Filozofski fakultet u Zagrebu<\/p>\n\n\n\n<p>Pavao Jergovi\u0107, Hrvatska, Filozofski fakultet u Zagrebu<\/p>\n\n\n\n<p>Oksana Baranivska Poljska, Jagielonsko sveu\u010dili\u0161te u Krakovu<\/p>\n\n\n\n<p>Olena Dziuba Ukrajina, Kijevsko nacionalno sveu\u010dili\u0161te Taras \u0160ev\u010denko<\/p>\n\n\n\n<p>Sophio Chkhatarashvili Gruzija, Dr\u017eavno sveu\u010dili\u0161te Ivane Javakhishvili u Tbilisiju<\/p>\n\n\n\n<p>Oksana Trostinska Ukrajina, Harkivsko nacionalno sveu\u010dili\u0161te V. N. Karazyn<\/p>\n","protected":false},"excerpt":{"rendered":"<p>Dariya Pavle\u0161en \u2013 voditeljica, Hrvatska, Filozofski fakultet u Zagrebu Domagoj Kli\u010dek, Hrvatska, Filozofski fakultet u Zagrebu Ana Dugand\u017ei\u0107, Hrvatska, Filozofski fakultet u Zagrebu Silvija Graljuk, Hrvatska, Filozofski fakultet u Zagrebu Lesja Petrovska, Hrvatska, Filozofski fakultet u Zagrebu Pavao Jergovi\u0107, Hrvatska, Filozofski fakultet u Zagrebu Oksana Baranivska Poljska, Jagielonsko sveu\u010dili\u0161te u Krakovu Olena Dziuba Ukrajina, Kijevsko &hellip; <\/p>\n<p class=\"link-more\"><a href=\"https:\/\/ukrkonfzagreb24.ffzg.unizg.hr\/?page_id=273&#038;lang=uk\" class=\"more-link\">Nastavi \u010ditati<span class=\"screen-reader-text\"> &#8220;\u041e\u0440\u0433\u043a\u043e\u043c\u0456\u0442\u0435\u0442&#8221;<\/span><\/a><\/p>\n","protected":false},"author":1,"featured_media":0,"parent":0,"menu_order":0,"comment_status":"closed","ping_status":"closed","template":"","meta":{"footnotes":""},"class_list":["post-273","page","type-page","status-publish","hentry"],"_links":{"self":[{"href":"https:\/\/ukrkonfzagreb24.ffzg.unizg.hr\/index.php?rest_route=\/wp\/v2\/pages\/273","targetHints":{"allow":["GET"]}}],"collection":[{"href":"https:\/\/ukrkonfzagreb24.ffzg.unizg.hr\/index.php?rest_route=\/wp\/v2\/pages"}],"about":[{"href":"https:\/\/ukrkonfzagreb24.ffzg.unizg.hr\/index.php?rest_route=\/wp\/v2\/types\/page"}],"author":[{"embeddable":true,"href":"https:\/\/ukrkonfzagreb24.ffzg.unizg.hr\/index.php?rest_route=\/wp\/v2\/users\/1"}],"replies":[{"embeddable":true,"href":"https:\/\/ukrkonfzagreb24.ffzg.unizg.hr\/index.php?rest_route=%2Fwp%2Fv2%2Fcomments&post=273"}],"version-history":[{"count":1,"href":"https:\/\/ukrkonfzagreb24.ffzg.unizg.hr\/index.php?rest_route=\/wp\/v2\/pages\/273\/revisions"}],"predecessor-version":[{"id":1074,"href":"https:\/\/ukrkonfzagreb24.ffzg.unizg.hr\/index.php?rest_route=\/wp\/v2\/pages\/273\/revisions\/1074"}],"wp:attachment":[{"href":"https:\/\/ukrkonfzagreb24.ffzg.unizg.hr\/index.php?rest_route=%2Fwp%2Fv2%2Fmedia&parent=273"}],"curies":[{"name":"wp","href":"https:\/\/api.w.org\/{rel}","templated":true}]}}