{"id":453,"date":"2024-09-02T11:22:54","date_gmt":"2024-09-02T09:22:54","guid":{"rendered":"https:\/\/ukrkonfzagreb24.ffzg.unizg.hr\/?page_id=453"},"modified":"2024-09-23T20:11:50","modified_gmt":"2024-09-23T18:11:50","slug":"sponzori","status":"publish","type":"page","link":"https:\/\/ukrkonfzagreb24.ffzg.unizg.hr\/?page_id=453&lang=uk","title":{"rendered":"Sponzori"},"content":{"rendered":"\n<p>Veleposlanstvo Ukrajine u RH<\/p>\n\n\n\n<p>Ukrajinska zajednica Grada Zagreba<\/p>\n\n\n\n<p>Predstavnik ukrajinske nacionalne manjine u Zagreba\u010dkoj \u017eupaniji<\/p>\n\n\n\n<p>Caritas Kri\u017eeva\u010dke eparhije<\/p>\n\n\n\n<p>Milan Stipi\u0107, prelat Grkokatoli\u010dke Crkve i kri\u017eeva\u010dki vladika<\/p>\n\n\n\n<p>Dukat<\/p>\n\n\n\n<p>Podravka<\/p>\n\n\n\n<p>Hrvatska turisti\u010dka zajednica<\/p>\n\n\n\n<p>Front development d.o.o.<\/p>\n","protected":false},"excerpt":{"rendered":"<p>Veleposlanstvo Ukrajine u RH Ukrajinska zajednica Grada Zagreba Predstavnik ukrajinske nacionalne manjine u Zagreba\u010dkoj \u017eupaniji Caritas Kri\u017eeva\u010dke eparhije Milan Stipi\u0107, prelat Grkokatoli\u010dke Crkve i kri\u017eeva\u010dki vladika Dukat Podravka Hrvatska turisti\u010dka zajednica Front development d.o.o.<\/p>\n","protected":false},"author":1,"featured_media":0,"parent":0,"menu_order":0,"comment_status":"closed","ping_status":"closed","template":"","meta":{"footnotes":""},"class_list":["post-453","page","type-page","status-publish","hentry"],"_links":{"self":[{"href":"https:\/\/ukrkonfzagreb24.ffzg.unizg.hr\/index.php?rest_route=\/wp\/v2\/pages\/453","targetHints":{"allow":["GET"]}}],"collection":[{"href":"https:\/\/ukrkonfzagreb24.ffzg.unizg.hr\/index.php?rest_route=\/wp\/v2\/pages"}],"about":[{"href":"https:\/\/ukrkonfzagreb24.ffzg.unizg.hr\/index.php?rest_route=\/wp\/v2\/types\/page"}],"author":[{"embeddable":true,"href":"https:\/\/ukrkonfzagreb24.ffzg.unizg.hr\/index.php?rest_route=\/wp\/v2\/users\/1"}],"replies":[{"embeddable":true,"href":"https:\/\/ukrkonfzagreb24.ffzg.unizg.hr\/index.php?rest_route=%2Fwp%2Fv2%2Fcomments&post=453"}],"version-history":[{"count":5,"href":"https:\/\/ukrkonfzagreb24.ffzg.unizg.hr\/index.php?rest_route=\/wp\/v2\/pages\/453\/revisions"}],"predecessor-version":[{"id":1042,"href":"https:\/\/ukrkonfzagreb24.ffzg.unizg.hr\/index.php?rest_route=\/wp\/v2\/pages\/453\/revisions\/1042"}],"wp:attachment":[{"href":"https:\/\/ukrkonfzagreb24.ffzg.unizg.hr\/index.php?rest_route=%2Fwp%2Fv2%2Fmedia&parent=453"}],"curies":[{"name":"wp","href":"https:\/\/api.w.org\/{rel}","templated":true}]}}